{"id":8,"date":"2018-05-11T15:55:25","date_gmt":"2018-05-11T13:55:25","guid":{"rendered":"http:\/\/kenht.com\/?page_id=8"},"modified":"2020-03-09T13:48:32","modified_gmt":"2020-03-09T12:48:32","slug":"accueil","status":"publish","type":"page","link":"https:\/\/kenht.com\/","title":{"rendered":"Accueil"},"content":{"rendered":"<p>Bonjour !\u00a0 KE-network High Tech est sp\u00e9cialiste dans le domaine des r\u00e9seaux et S\u00e9curit\u00e9 et Telecom des syst\u00e8mes d&rsquo;informations.<\/p>\n","protected":false},"excerpt":{"rendered":"<p>Bonjour !\u00a0 KE-network High Tech est sp\u00e9cialiste dans le domaine des r\u00e9seaux et S\u00e9curit\u00e9 et Telecom des syst\u00e8mes d&rsquo;informations.<\/p>\n","protected":false},"author":2,"featured_media":0,"parent":0,"menu_order":0,"comment_status":"closed","ping_status":"closed","template":"","meta":[],"_links":{"self":[{"href":"https:\/\/kenht.com\/index.php?rest_route=\/wp\/v2\/pages\/8"}],"collection":[{"href":"https:\/\/kenht.com\/index.php?rest_route=\/wp\/v2\/pages"}],"about":[{"href":"https:\/\/kenht.com\/index.php?rest_route=\/wp\/v2\/types\/page"}],"author":[{"embeddable":true,"href":"https:\/\/kenht.com\/index.php?rest_route=\/wp\/v2\/users\/2"}],"replies":[{"embeddable":true,"href":"https:\/\/kenht.com\/index.php?rest_route=%2Fwp%2Fv2%2Fcomments&post=8"}],"version-history":[{"count":3,"href":"https:\/\/kenht.com\/index.php?rest_route=\/wp\/v2\/pages\/8\/revisions"}],"predecessor-version":[{"id":46,"href":"https:\/\/kenht.com\/index.php?rest_route=\/wp\/v2\/pages\/8\/revisions\/46"}],"wp:attachment":[{"href":"https:\/\/kenht.com\/index.php?rest_route=%2Fwp%2Fv2%2Fmedia&parent=8"}],"curies":[{"name":"wp","href":"https:\/\/api.w.org\/{rel}","templated":true}]}}